{"id":90,"date":"2019-11-05T15:50:06","date_gmt":"2019-11-05T15:50:06","guid":{"rendered":"http:\/\/cosmosmuzeum.pl\/?page_id=90"},"modified":"2026-01-07T10:37:03","modified_gmt":"2026-01-07T09:37:03","slug":"wie-man","status":"publish","type":"page","link":"https:\/\/cosmosmuzeum.pl\/de\/wie-man\/","title":{"rendered":"Standort"},"content":{"rendered":"<div data-elementor-type=\"wp-page\" data-elementor-id=\"90\" class=\"elementor elementor-90\" data-elementor-post-type=\"page\">\n\t\t\t\t<div class=\"elementor-element elementor-element-5ce5fff5 e-flex e-con-boxed e-con e-parent\" data-id=\"5ce5fff5\" data-element_type=\"container\">\n\t\t\t\t\t<div class=\"e-con-inner\">\n\t\t\t\t<div class=\"elementor-element elementor-element-71a49a7a elementor-widget elementor-widget-text-editor\" data-id=\"71a49a7a\" data-element_type=\"widget\" data-widget_type=\"text-editor.default\">\n\t\t\t\t<div class=\"elementor-widget-container\">\n\t\t\t\t\t\t\t\t\t\n<p><strong>KOSMOS MUSEUM WARSCHAU<\/strong><\/p>\n\n<div class=\"wp-block-columns has-2-columns is-layout-flex wp-container-core-columns-is-layout-28f84493 wp-block-columns-is-layout-flex\">\n<div class=\"wp-block-column is-layout-flow wp-block-column-is-layout-flow\">\n<p>15\/3 Lucka-Stra\u00dfe<br \/>00-842 Warschau<\/p>\n\n<p><strong>Kontakt<\/strong><br \/>tel. (+48) 501 157 610<br \/>cosmosmuzeum@gmail.com<\/p>\n<\/div>\n\n<div class=\"wp-block-column is-layout-flow wp-block-column-is-layout-flow\">\n<p><strong>\u00d6ffentliche Verkehrsmittel:<\/strong><\/p>\n\n<p><strong>Metro:<\/strong> M2, Kreisverkehr Daszy\u0144skiego<\/p>\n\n<p><strong>Bus: <\/strong>105, 190, 109, 171, 178, N45, N95<\/p>\n\n<p><strong>Stra\u00dfenbahn:<\/strong> 1, 9, 11, 22, 24, 25, 78<\/p>\n<\/div>\n<\/div>\n\n<div class=\"wp-block-columns has-2-columns is-layout-flex wp-container-core-columns-is-layout-28f84493 wp-block-columns-is-layout-flex\">\n<div class=\"wp-block-column is-layout-flow wp-block-column-is-layout-flow\">\u00a0<\/div>\n\n<div class=\"wp-block-column is-layout-flow wp-block-column-is-layout-flow\">\u00a0<\/div>\n<\/div>\n<p>\u00a0<\/p>\n\n<pre class=\"wp-block-preformatted\"><iframe src=\"https:\/\/www.google.com\/maps\/d\/embed?mid=1QInufu8thzelUMumQtYUs989k1rknqM&amp;ehbc=2E312F\" width=\"640\" height=\"480\"><span data-mce-type=\"bookmark\" style=\"display: inline-block; width: 0px; overflow: hidden; line-height: 0;\" class=\"mce_SELRES_end\"><\/span><\/iframe><\/pre>\n\t\t\t\t\t\t\t\t<\/div>\n\t\t\t\t<\/div>\n\t\t\t\t\t<\/div>\n\t\t\t\t<\/div>\n\t\t\t\t<\/div>","protected":false},"excerpt":{"rendered":"<p>COSMOS MUSEUM WARSCHAU 15\/300-842 \u0141ucka St. Warschau Kontakt. (+48) 501 157 610cosmosmuzeum@gmail.com \u00d6ffentliche Verkehrsmittel: Metro: M2, Rondo Daszy\u0144skiego Bus: 105, 190, 109, 171, 178, N45, N95 Stra\u00dfenbahn: 1, 9, 11, 22, 24, 25, 78<\/p>","protected":false},"author":1,"featured_media":0,"parent":0,"menu_order":0,"comment_status":"closed","ping_status":"closed","template":"","meta":{"footnotes":""},"class_list":["post-90","page","type-page","status-publish","hentry"],"jetpack_sharing_enabled":true,"_links":{"self":[{"href":"https:\/\/cosmosmuzeum.pl\/de\/wp-json\/wp\/v2\/pages\/90","targetHints":{"allow":["GET"]}}],"collection":[{"href":"https:\/\/cosmosmuzeum.pl\/de\/wp-json\/wp\/v2\/pages"}],"about":[{"href":"https:\/\/cosmosmuzeum.pl\/de\/wp-json\/wp\/v2\/types\/page"}],"author":[{"embeddable":true,"href":"https:\/\/cosmosmuzeum.pl\/de\/wp-json\/wp\/v2\/users\/1"}],"replies":[{"embeddable":true,"href":"https:\/\/cosmosmuzeum.pl\/de\/wp-json\/wp\/v2\/comments?post=90"}],"version-history":[{"count":18,"href":"https:\/\/cosmosmuzeum.pl\/de\/wp-json\/wp\/v2\/pages\/90\/revisions"}],"predecessor-version":[{"id":137903,"href":"https:\/\/cosmosmuzeum.pl\/de\/wp-json\/wp\/v2\/pages\/90\/revisions\/137903"}],"wp:attachment":[{"href":"https:\/\/cosmosmuzeum.pl\/de\/wp-json\/wp\/v2\/media?parent=90"}],"curies":[{"name":"wp","href":"https:\/\/api.w.org\/{rel}","templated":true}]}}