{"id":20,"date":"2019-09-25T21:10:07","date_gmt":"2019-09-25T21:10:07","guid":{"rendered":"http:\/\/cosmosmuzeum.pl\/?page_id=20"},"modified":"2025-12-21T13:52:39","modified_gmt":"2025-12-21T12:52:39","slug":"ausstellungen","status":"publish","type":"page","link":"https:\/\/cosmosmuzeum.pl\/de\/ausstellungen\/","title":{"rendered":"EXHIBIT"},"content":{"rendered":"<div data-elementor-type=\"wp-page\" data-elementor-id=\"20\" class=\"elementor elementor-20\" data-elementor-post-type=\"page\">\n\t\t\t\t<div class=\"elementor-element elementor-element-c2bde15 e-con-full e-flex e-con e-parent\" data-id=\"c2bde15\" data-element_type=\"container\" data-settings=\"{&quot;background_background&quot;:&quot;classic&quot;}\">\n\t\t\t\t<div class=\"elementor-element elementor-element-6b13f580 elementor-widget elementor-widget-heading\" data-id=\"6b13f580\" data-element_type=\"widget\" data-widget_type=\"heading.default\">\n\t\t\t\t<div class=\"elementor-widget-container\">\n\t\t\t\t\t<h2 class=\"elementor-heading-title elementor-size-default\">Betreten Sie eine Welt, in der <br>das Unm\u00f6gliche wird wahr<\/h2>\t\t\t\t<\/div>\n\t\t\t\t<\/div>\n\t\t\t\t<div class=\"elementor-element elementor-element-a08338f elementor-widget elementor-widget-button\" data-id=\"a08338f\" data-element_type=\"widget\" data-widget_type=\"button.default\">\n\t\t\t\t<div class=\"elementor-widget-container\">\n\t\t\t\t\t\t\t\t\t<div class=\"elementor-button-wrapper\">\n\t\t\t\t\t<a class=\"elementor-button elementor-button-link elementor-size-sm\" href=\"https:\/\/cosmosmuzeum.pl\/de\/produkt\/ticket\/\">\n\t\t\t\t\t\t<span class=\"elementor-button-content-wrapper\">\n\t\t\t\t\t\t\t\t\t<span class=\"elementor-button-text\">Kaufen Sie ein Ticket<\/span>\n\t\t\t\t\t<\/span>\n\t\t\t\t\t<\/a>\n\t\t\t\t<\/div>\n\t\t\t\t\t\t\t\t<\/div>\n\t\t\t\t<\/div>\n\t\t\t\t<\/div>\n\t\t<div class=\"elementor-element elementor-element-0059bc5 e-flex e-con-boxed e-con e-parent\" data-id=\"0059bc5\" data-element_type=\"container\">\n\t\t\t\t\t<div class=\"e-con-inner\">\n\t\t<div class=\"elementor-element elementor-element-7cb5275 e-con-full e-flex e-con e-child\" data-id=\"7cb5275\" data-element_type=\"container\" data-settings=\"{&quot;background_background&quot;:&quot;classic&quot;}\">\n\t\t\t\t<div class=\"elementor-element elementor-element-54f8985 elementor-widget elementor-widget-heading\" data-id=\"54f8985\" data-element_type=\"widget\" data-widget_type=\"heading.default\">\n\t\t\t\t<div class=\"elementor-widget-container\">\n\t\t\t\t\t<h2 class=\"elementor-heading-title elementor-size-default\">Optische T\u00e4uschungen<\/h2>\t\t\t\t<\/div>\n\t\t\t\t<\/div>\n\t\t\t\t<div class=\"elementor-element elementor-element-3819d82 elementor-widget-mobile__width-initial elementor-widget elementor-widget-text-editor\" data-id=\"3819d82\" data-element_type=\"widget\" data-widget_type=\"text-editor.default\">\n\t\t\t\t<div class=\"elementor-widget-container\">\n\t\t\t\t\t\t\t\t\t<p>Nichts ist, wie es scheint<\/p>\t\t\t\t\t\t\t\t<\/div>\n\t\t\t\t<\/div>\n\t\t\t\t<div class=\"elementor-element elementor-element-3d7540a elementor-absolute elementor-widget elementor-widget-image\" data-id=\"3d7540a\" data-element_type=\"widget\" id=\"my-element100\" data-settings=\"{&quot;_position&quot;:&quot;absolute&quot;}\" data-widget_type=\"image.default\">\n\t\t\t\t<div class=\"elementor-widget-container\">\n\t\t\t\t\t\t\t\t\t\t\t\t\t\t\t<img decoding=\"async\" width=\"27\" height=\"24\" src=\"https:\/\/cosmosmuzeum.pl\/wp-content\/uploads\/2025\/12\/Frame-251.png\" class=\"attachment-large size-large wp-image-134988\" alt=\"\" srcset=\"https:\/\/cosmosmuzeum.pl\/wp-content\/uploads\/2025\/12\/Frame-251.png 27w, https:\/\/cosmosmuzeum.pl\/wp-content\/uploads\/2025\/12\/Frame-251-14x12.png 14w\" sizes=\"(max-width: 27px) 100vw, 27px\" \/>\t\t\t\t\t\t\t\t\t\t\t\t\t\t\t<\/div>\n\t\t\t\t<\/div>\n\t\t\t\t<div class=\"elementor-element elementor-element-9d82393 elementor-absolute elementor-widget elementor-widget-image\" data-id=\"9d82393\" data-element_type=\"widget\" data-settings=\"{&quot;_position&quot;:&quot;absolute&quot;}\" data-widget_type=\"image.default\">\n\t\t\t\t<div class=\"elementor-widget-container\">\n\t\t\t\t\t\t\t\t\t\t\t\t\t\t\t<img decoding=\"async\" width=\"51\" height=\"51\" src=\"https:\/\/cosmosmuzeum.pl\/wp-content\/uploads\/2025\/12\/Group-255.png\" class=\"attachment-large size-large wp-image-134989\" alt=\"\" srcset=\"https:\/\/cosmosmuzeum.pl\/wp-content\/uploads\/2025\/12\/Group-255.png 51w, https:\/\/cosmosmuzeum.pl\/wp-content\/uploads\/2025\/12\/Group-255-12x12.png 12w\" sizes=\"(max-width: 51px) 100vw, 51px\" \/>\t\t\t\t\t\t\t\t\t\t\t\t\t\t\t<\/div>\n\t\t\t\t<\/div>\n\t\t\t\t<\/div>\n\t\t<div class=\"elementor-element elementor-element-c7ee08c e-con-full e-flex e-con e-child\" data-id=\"c7ee08c\" data-element_type=\"container\" data-settings=\"{&quot;background_background&quot;:&quot;classic&quot;}\">\n\t\t\t\t<div class=\"elementor-element elementor-element-ac6261e elementor-widget elementor-widget-heading\" data-id=\"ac6261e\" data-element_type=\"widget\" data-widget_type=\"heading.default\">\n\t\t\t\t<div class=\"elementor-widget-container\">\n\t\t\t\t\t<h2 class=\"elementor-heading-title elementor-size-default\">Kosmischer Raum<\/h2>\t\t\t\t<\/div>\n\t\t\t\t<\/div>\n\t\t\t\t<div class=\"elementor-element elementor-element-fbd3ff2 elementor-widget-mobile__width-initial elementor-widget elementor-widget-text-editor\" data-id=\"fbd3ff2\" data-element_type=\"widget\" data-widget_type=\"text-editor.default\">\n\t\t\t\t<div class=\"elementor-widget-container\">\n\t\t\t\t\t\t\t\t\t<p>Tauchen Sie ein in die Tiefen Ihrer Phantasie<\/p>\t\t\t\t\t\t\t\t<\/div>\n\t\t\t\t<\/div>\n\t\t\t\t<div class=\"elementor-element elementor-element-1c96de9 elementor-absolute elementor-widget elementor-widget-image\" data-id=\"1c96de9\" data-element_type=\"widget\" id=\"my-element100\" data-settings=\"{&quot;_position&quot;:&quot;absolute&quot;}\" data-widget_type=\"image.default\">\n\t\t\t\t<div class=\"elementor-widget-container\">\n\t\t\t\t\t\t\t\t\t\t\t\t\t\t\t<img decoding=\"async\" width=\"27\" height=\"24\" src=\"https:\/\/cosmosmuzeum.pl\/wp-content\/uploads\/2025\/12\/Frame-251.png\" class=\"attachment-large size-large wp-image-134988\" alt=\"\" srcset=\"https:\/\/cosmosmuzeum.pl\/wp-content\/uploads\/2025\/12\/Frame-251.png 27w, https:\/\/cosmosmuzeum.pl\/wp-content\/uploads\/2025\/12\/Frame-251-14x12.png 14w\" sizes=\"(max-width: 27px) 100vw, 27px\" \/>\t\t\t\t\t\t\t\t\t\t\t\t\t\t\t<\/div>\n\t\t\t\t<\/div>\n\t\t\t\t<div class=\"elementor-element elementor-element-4188c54 elementor-absolute elementor-widget elementor-widget-image\" data-id=\"4188c54\" data-element_type=\"widget\" data-settings=\"{&quot;_position&quot;:&quot;absolute&quot;}\" data-widget_type=\"image.default\">\n\t\t\t\t<div class=\"elementor-widget-container\">\n\t\t\t\t\t\t\t\t\t\t\t\t\t\t\t<img decoding=\"async\" width=\"51\" height=\"51\" src=\"https:\/\/cosmosmuzeum.pl\/wp-content\/uploads\/2025\/12\/Group-255.png\" class=\"attachment-large size-large wp-image-134989\" alt=\"\" srcset=\"https:\/\/cosmosmuzeum.pl\/wp-content\/uploads\/2025\/12\/Group-255.png 51w, https:\/\/cosmosmuzeum.pl\/wp-content\/uploads\/2025\/12\/Group-255-12x12.png 12w\" sizes=\"(max-width: 51px) 100vw, 51px\" \/>\t\t\t\t\t\t\t\t\t\t\t\t\t\t\t<\/div>\n\t\t\t\t<\/div>\n\t\t\t\t<\/div>\n\t\t<div class=\"elementor-element elementor-element-4f2ec02 e-con-full e-flex e-con e-child\" data-id=\"4f2ec02\" data-element_type=\"container\" data-settings=\"{&quot;background_background&quot;:&quot;classic&quot;}\">\n\t\t\t\t<div class=\"elementor-element elementor-element-2161725 elementor-widget elementor-widget-heading\" data-id=\"2161725\" data-element_type=\"widget\" data-widget_type=\"heading.default\">\n\t\t\t\t<div class=\"elementor-widget-container\">\n\t\t\t\t\t<h2 class=\"elementor-heading-title elementor-size-default\">Labyrinth der Geheimnisse<\/h2>\t\t\t\t<\/div>\n\t\t\t\t<\/div>\n\t\t\t\t<div class=\"elementor-element elementor-element-e40b3b1 elementor-widget elementor-widget-text-editor\" data-id=\"e40b3b1\" data-element_type=\"widget\" data-widget_type=\"text-editor.default\">\n\t\t\t\t<div class=\"elementor-widget-container\">\n\t\t\t\t\t\t\t\t\t<p>Die Magie wartet gleich um die Ecke<\/p>\t\t\t\t\t\t\t\t<\/div>\n\t\t\t\t<\/div>\n\t\t\t\t<div class=\"elementor-element elementor-element-6e9df35 elementor-absolute elementor-widget elementor-widget-image\" data-id=\"6e9df35\" data-element_type=\"widget\" id=\"my-element100\" data-settings=\"{&quot;_position&quot;:&quot;absolute&quot;}\" data-widget_type=\"image.default\">\n\t\t\t\t<div class=\"elementor-widget-container\">\n\t\t\t\t\t\t\t\t\t\t\t\t\t\t\t<img decoding=\"async\" width=\"27\" height=\"24\" src=\"https:\/\/cosmosmuzeum.pl\/wp-content\/uploads\/2025\/12\/Frame-251.png\" class=\"attachment-large size-large wp-image-134988\" alt=\"\" srcset=\"https:\/\/cosmosmuzeum.pl\/wp-content\/uploads\/2025\/12\/Frame-251.png 27w, https:\/\/cosmosmuzeum.pl\/wp-content\/uploads\/2025\/12\/Frame-251-14x12.png 14w\" sizes=\"(max-width: 27px) 100vw, 27px\" \/>\t\t\t\t\t\t\t\t\t\t\t\t\t\t\t<\/div>\n\t\t\t\t<\/div>\n\t\t\t\t<div class=\"elementor-element elementor-element-2ecd114 elementor-absolute elementor-widget elementor-widget-image\" data-id=\"2ecd114\" data-element_type=\"widget\" data-settings=\"{&quot;_position&quot;:&quot;absolute&quot;}\" data-widget_type=\"image.default\">\n\t\t\t\t<div class=\"elementor-widget-container\">\n\t\t\t\t\t\t\t\t\t\t\t\t\t\t\t<img decoding=\"async\" width=\"51\" height=\"51\" src=\"https:\/\/cosmosmuzeum.pl\/wp-content\/uploads\/2025\/12\/Group-255.png\" class=\"attachment-large size-large wp-image-134989\" alt=\"\" srcset=\"https:\/\/cosmosmuzeum.pl\/wp-content\/uploads\/2025\/12\/Group-255.png 51w, https:\/\/cosmosmuzeum.pl\/wp-content\/uploads\/2025\/12\/Group-255-12x12.png 12w\" sizes=\"(max-width: 51px) 100vw, 51px\" \/>\t\t\t\t\t\t\t\t\t\t\t\t\t\t\t<\/div>\n\t\t\t\t<\/div>\n\t\t\t\t<\/div>\n\t\t<div class=\"elementor-element elementor-element-be232bf e-con-full e-flex e-con e-child\" data-id=\"be232bf\" data-element_type=\"container\" data-settings=\"{&quot;background_background&quot;:&quot;classic&quot;}\">\n\t\t\t\t<div class=\"elementor-element elementor-element-08d4d93 elementor-widget elementor-widget-heading\" data-id=\"08d4d93\" data-element_type=\"widget\" data-widget_type=\"heading.default\">\n\t\t\t\t<div class=\"elementor-widget-container\">\n\t\t\t\t\t<h2 class=\"elementor-heading-title elementor-size-default\">Interaktiv <br> Projektionen<\/h2>\t\t\t\t<\/div>\n\t\t\t\t<\/div>\n\t\t\t\t<div class=\"elementor-element elementor-element-5f58ddd elementor-widget-mobile__width-initial elementor-widget elementor-widget-text-editor\" data-id=\"5f58ddd\" data-element_type=\"widget\" data-widget_type=\"text-editor.default\">\n\t\t\t\t<div class=\"elementor-widget-container\">\n\t\t\t\t\t\t\t\t\t<p>Stehen Sie im Mittelpunkt einer lebendigen Geschichte<\/p>\t\t\t\t\t\t\t\t<\/div>\n\t\t\t\t<\/div>\n\t\t\t\t<div class=\"elementor-element elementor-element-93d2278 elementor-absolute elementor-widget elementor-widget-image\" data-id=\"93d2278\" data-element_type=\"widget\" id=\"my-element100\" data-settings=\"{&quot;_position&quot;:&quot;absolute&quot;}\" data-widget_type=\"image.default\">\n\t\t\t\t<div class=\"elementor-widget-container\">\n\t\t\t\t\t\t\t\t\t\t\t\t\t\t\t<img decoding=\"async\" width=\"27\" height=\"24\" src=\"https:\/\/cosmosmuzeum.pl\/wp-content\/uploads\/2025\/12\/Frame-251.png\" class=\"attachment-large size-large wp-image-134988\" alt=\"\" srcset=\"https:\/\/cosmosmuzeum.pl\/wp-content\/uploads\/2025\/12\/Frame-251.png 27w, https:\/\/cosmosmuzeum.pl\/wp-content\/uploads\/2025\/12\/Frame-251-14x12.png 14w\" sizes=\"(max-width: 27px) 100vw, 27px\" \/>\t\t\t\t\t\t\t\t\t\t\t\t\t\t\t<\/div>\n\t\t\t\t<\/div>\n\t\t\t\t<div class=\"elementor-element elementor-element-8c1d2a8 elementor-absolute elementor-widget elementor-widget-image\" data-id=\"8c1d2a8\" data-element_type=\"widget\" data-settings=\"{&quot;_position&quot;:&quot;absolute&quot;}\" data-widget_type=\"image.default\">\n\t\t\t\t<div class=\"elementor-widget-container\">\n\t\t\t\t\t\t\t\t\t\t\t\t\t\t\t<img decoding=\"async\" width=\"51\" height=\"51\" src=\"https:\/\/cosmosmuzeum.pl\/wp-content\/uploads\/2025\/12\/Group-255.png\" class=\"attachment-large size-large wp-image-134989\" alt=\"\" srcset=\"https:\/\/cosmosmuzeum.pl\/wp-content\/uploads\/2025\/12\/Group-255.png 51w, https:\/\/cosmosmuzeum.pl\/wp-content\/uploads\/2025\/12\/Group-255-12x12.png 12w\" sizes=\"(max-width: 51px) 100vw, 51px\" \/>\t\t\t\t\t\t\t\t\t\t\t\t\t\t\t<\/div>\n\t\t\t\t<\/div>\n\t\t\t\t<\/div>\n\t\t\t\t\t<\/div>\n\t\t\t\t<\/div>\n\t\t<div class=\"elementor-element elementor-element-5dc65c5 e-con-full elementor-hidden-tablet elementor-hidden-mobile e-flex e-con e-parent\" data-id=\"5dc65c5\" data-element_type=\"container\" id=\"aukstis\">\n\t\t<div class=\"elementor-element elementor-element-fcc42c4 e-con-full e-flex e-con e-child\" data-id=\"fcc42c4\" data-element_type=\"container\" data-settings=\"{&quot;position&quot;:&quot;absolute&quot;}\">\n\t\t\t\t<div class=\"elementor-element elementor-element-3600af5d elementor-widget elementor-widget-heading\" data-id=\"3600af5d\" data-element_type=\"widget\" data-widget_type=\"heading.default\">\n\t\t\t\t<div class=\"elementor-widget-container\">\n\t\t\t\t\t<h2 class=\"elementor-heading-title elementor-size-default\">\u00dcber die Ausstellung<\/h2>\t\t\t\t<\/div>\n\t\t\t\t<\/div>\n\t\t\t\t<div class=\"elementor-element elementor-element-72c1a137 elementor-widget elementor-widget-text-editor\" data-id=\"72c1a137\" data-element_type=\"widget\" data-widget_type=\"text-editor.default\">\n\t\t\t\t<div class=\"elementor-widget-container\">\n\t\t\t\t\t\t\t\t\t<p data-start=\"54\" data-end=\"325\">Der Titel der Ausstellung lautet <em data-start=\"73\" data-end=\"81\">Kosmos<\/em> - nicht nur, weil sie die Besucher in eine kosmische Welt verbl\u00fcffender Illusionen entf\u00fchrt, sondern auch, weil sie dazu anregt, tiefer in sich zu gehen. Wir hoffen, dass Sie beim Besuch der Ausstellung etwas Neues \u00fcber Ihren inneren Kosmos entdecken werden.<\/p><p data-start=\"327\" data-end=\"578\">Die Ausstellung besteht aus interaktiven Installationen, die Illusion, moderne Kunst und kosmische \u00c4sthetik miteinander verbinden. Menschen jeden Alters werden hier etwas finden, das ihnen Spa\u00df macht. Am besten besuchen Sie die Ausstellung in Begleitung - im Duo ist das Erlebnis noch besonderer.<\/p>\t\t\t\t\t\t\t\t<\/div>\n\t\t\t\t<\/div>\n\t\t\t\t<\/div>\n\t\t<div class=\"elementor-element elementor-element-129baf02 e-con-full e-flex e-con e-child\" data-id=\"129baf02\" data-element_type=\"container\" data-settings=\"{&quot;background_background&quot;:&quot;classic&quot;,&quot;position&quot;:&quot;absolute&quot;}\">\n\t\t\t\t<div class=\"elementor-element elementor-element-6215e693 elementor-widget elementor-widget-text-editor\" data-id=\"6215e693\" data-element_type=\"widget\" data-widget_type=\"text-editor.default\">\n\t\t\t\t<div class=\"elementor-widget-container\">\n\t\t\t\t\t\t\t\t\t<p>Kosmischer Raum<\/p>\t\t\t\t\t\t\t\t<\/div>\n\t\t\t\t<\/div>\n\t\t\t\t<\/div>\n\t\t<div class=\"elementor-element elementor-element-79ff6d9b e-con-full e-flex e-con e-child\" data-id=\"79ff6d9b\" data-element_type=\"container\" data-settings=\"{&quot;background_background&quot;:&quot;classic&quot;,&quot;position&quot;:&quot;absolute&quot;}\">\n\t\t\t\t<div class=\"elementor-element elementor-element-b4fdcb7 elementor-widget elementor-widget-text-editor\" data-id=\"b4fdcb7\" data-element_type=\"widget\" data-widget_type=\"text-editor.default\">\n\t\t\t\t<div class=\"elementor-widget-container\">\n\t\t\t\t\t\t\t\t\t<p>Raum Raum<\/p>\t\t\t\t\t\t\t\t<\/div>\n\t\t\t\t<\/div>\n\t\t\t\t<\/div>\n\t\t<div class=\"elementor-element elementor-element-69bd60ea e-con-full e-flex e-con e-child\" data-id=\"69bd60ea\" data-element_type=\"container\" data-settings=\"{&quot;background_background&quot;:&quot;classic&quot;,&quot;position&quot;:&quot;absolute&quot;}\">\n\t\t\t\t<div class=\"elementor-element elementor-element-2ea019f4 elementor-widget elementor-widget-text-editor\" data-id=\"2ea019f4\" data-element_type=\"widget\" data-widget_type=\"text-editor.default\">\n\t\t\t\t<div class=\"elementor-widget-container\">\n\t\t\t\t\t\t\t\t\t<p>Optische T\u00e4uschungen<\/p>\t\t\t\t\t\t\t\t<\/div>\n\t\t\t\t<\/div>\n\t\t\t\t<\/div>\n\t\t<div class=\"elementor-element elementor-element-256766d5 e-con-full e-flex e-con e-child\" data-id=\"256766d5\" data-element_type=\"container\" data-settings=\"{&quot;background_background&quot;:&quot;classic&quot;,&quot;position&quot;:&quot;absolute&quot;}\">\n\t\t\t\t<div class=\"elementor-element elementor-element-6551c160 elementor-widget elementor-widget-text-editor\" data-id=\"6551c160\" data-element_type=\"widget\" data-widget_type=\"text-editor.default\">\n\t\t\t\t<div class=\"elementor-widget-container\">\n\t\t\t\t\t\t\t\t\t<p>Das Spiel mit dem Licht<\/p>\t\t\t\t\t\t\t\t<\/div>\n\t\t\t\t<\/div>\n\t\t\t\t<\/div>\n\t\t<div class=\"elementor-element elementor-element-240540af e-con-full e-flex e-con e-child\" data-id=\"240540af\" data-element_type=\"container\" data-settings=\"{&quot;background_background&quot;:&quot;classic&quot;,&quot;position&quot;:&quot;absolute&quot;}\">\n\t\t\t\t<div class=\"elementor-element elementor-element-786b1f04 elementor-widget elementor-widget-text-editor\" data-id=\"786b1f04\" data-element_type=\"widget\" data-widget_type=\"text-editor.default\">\n\t\t\t\t<div class=\"elementor-widget-container\">\n\t\t\t\t\t\t\t\t\t<p>Interaktive Projektionen<\/p>\t\t\t\t\t\t\t\t<\/div>\n\t\t\t\t<\/div>\n\t\t\t\t<\/div>\n\t\t<div class=\"elementor-element elementor-element-430e4219 e-con-full e-flex e-con e-child\" data-id=\"430e4219\" data-element_type=\"container\" data-settings=\"{&quot;background_background&quot;:&quot;classic&quot;,&quot;position&quot;:&quot;absolute&quot;}\">\n\t\t\t\t<div class=\"elementor-element elementor-element-4ae65f89 elementor-widget elementor-widget-text-editor\" data-id=\"4ae65f89\" data-element_type=\"widget\" data-widget_type=\"text-editor.default\">\n\t\t\t\t<div class=\"elementor-widget-container\">\n\t\t\t\t\t\t\t\t\t<p>Labyrinth der Geheimnisse<\/p>\t\t\t\t\t\t\t\t<\/div>\n\t\t\t\t<\/div>\n\t\t\t\t<\/div>\n\t\t\t\t<\/div>\n\t\t<div class=\"elementor-element elementor-element-27f46cad e-con-full elementor-hidden-desktop e-flex e-con e-parent\" data-id=\"27f46cad\" data-element_type=\"container\">\n\t\t<div class=\"elementor-element elementor-element-bf96b54 e-con-full e-flex e-con e-child\" data-id=\"bf96b54\" data-element_type=\"container\">\n\t\t\t\t<div class=\"elementor-element elementor-element-30972f59 elementor-widget elementor-widget-heading\" data-id=\"30972f59\" data-element_type=\"widget\" data-widget_type=\"heading.default\">\n\t\t\t\t<div class=\"elementor-widget-container\">\n\t\t\t\t\t<h2 class=\"elementor-heading-title elementor-size-default\">\u00dcber die Ausstellung<\/h2>\t\t\t\t<\/div>\n\t\t\t\t<\/div>\n\t\t\t\t<div class=\"elementor-element elementor-element-36d49411 elementor-widget elementor-widget-text-editor\" data-id=\"36d49411\" data-element_type=\"widget\" data-widget_type=\"text-editor.default\">\n\t\t\t\t<div class=\"elementor-widget-container\">\n\t\t\t\t\t\t\t\t\t<p data-start=\"12\" data-end=\"267\">Die Ausstellung hei\u00dft Cosmos nicht nur, weil sie der kosmischen Erfahrung \u00e4hnelt, durch ehrfurchtgebietende Illusionen zu gehen, sondern auch, weil wir tiefer in uns selbst schauen m\u00fcssen. Wir hoffen, dass Sie etwas Neues \u00fcber sich selbst und Ihren inneren Kosmos entdecken werden.<\/p><p data-start=\"269\" data-end=\"479\" data-is-last-node=\"\" data-is-only-node=\"\">Die Ausstellung besteht aus interaktiven Exponaten, die Illusion, moderne Kunst und Instagram-\u00c4sthetik miteinander verbinden. Menschen jeden Alters werden hier etwas finden, das ihnen Spa\u00df macht. Am besten besuchen Sie die Ausstellung in Begleitung einer anderen Person.<\/p>\t\t\t\t\t\t\t\t<\/div>\n\t\t\t\t<\/div>\n\t\t\t\t<\/div>\n\t\t<div class=\"elementor-element elementor-element-392da78c e-con-full e-flex e-con e-child\" data-id=\"392da78c\" data-element_type=\"container\" data-settings=\"{&quot;background_background&quot;:&quot;classic&quot;}\">\n\t\t\t\t<div class=\"elementor-element elementor-element-1f99fbd3 elementor-widget elementor-widget-text-editor\" data-id=\"1f99fbd3\" data-element_type=\"widget\" data-widget_type=\"text-editor.default\">\n\t\t\t\t<div class=\"elementor-widget-container\">\n\t\t\t\t\t\t\t\t\t<p>Raum Raum<\/p>\t\t\t\t\t\t\t\t<\/div>\n\t\t\t\t<\/div>\n\t\t\t\t<\/div>\n\t\t<div class=\"elementor-element elementor-element-52b5800f e-con-full e-flex e-con e-child\" data-id=\"52b5800f\" data-element_type=\"container\" data-settings=\"{&quot;background_background&quot;:&quot;classic&quot;}\">\n\t\t\t\t<div class=\"elementor-element elementor-element-6a8581d9 elementor-widget elementor-widget-text-editor\" data-id=\"6a8581d9\" data-element_type=\"widget\" data-widget_type=\"text-editor.default\">\n\t\t\t\t<div class=\"elementor-widget-container\">\n\t\t\t\t\t\t\t\t\t<p>Raum Raum<\/p>\t\t\t\t\t\t\t\t<\/div>\n\t\t\t\t<\/div>\n\t\t\t\t<\/div>\n\t\t<div class=\"elementor-element elementor-element-77939d2d e-con-full e-flex e-con e-child\" data-id=\"77939d2d\" data-element_type=\"container\" data-settings=\"{&quot;background_background&quot;:&quot;classic&quot;}\">\n\t\t\t\t<div class=\"elementor-element elementor-element-2c95f646 elementor-widget elementor-widget-text-editor\" data-id=\"2c95f646\" data-element_type=\"widget\" data-widget_type=\"text-editor.default\">\n\t\t\t\t<div class=\"elementor-widget-container\">\n\t\t\t\t\t\t\t\t\t<p>Labyrinth der Au\u00dferirdischen<\/p>\t\t\t\t\t\t\t\t<\/div>\n\t\t\t\t<\/div>\n\t\t\t\t<\/div>\n\t\t<div class=\"elementor-element elementor-element-23d5ee2c e-con-full e-flex e-con e-child\" data-id=\"23d5ee2c\" data-element_type=\"container\" data-settings=\"{&quot;background_background&quot;:&quot;classic&quot;}\">\n\t\t\t\t<div class=\"elementor-element elementor-element-7382bf47 elementor-widget elementor-widget-text-editor\" data-id=\"7382bf47\" data-element_type=\"widget\" data-widget_type=\"text-editor.default\">\n\t\t\t\t<div class=\"elementor-widget-container\">\n\t\t\t\t\t\t\t\t\t<p>Interaktive Projektionen<\/p>\t\t\t\t\t\t\t\t<\/div>\n\t\t\t\t<\/div>\n\t\t\t\t<\/div>\n\t\t<div class=\"elementor-element elementor-element-5577a13b e-con-full e-flex e-con e-child\" data-id=\"5577a13b\" data-element_type=\"container\" data-settings=\"{&quot;background_background&quot;:&quot;classic&quot;}\">\n\t\t\t\t<div class=\"elementor-element elementor-element-876f7d9 elementor-widget elementor-widget-text-editor\" data-id=\"876f7d9\" data-element_type=\"widget\" data-widget_type=\"text-editor.default\">\n\t\t\t\t<div class=\"elementor-widget-container\">\n\t\t\t\t\t\t\t\t\t<p>Interaktive Projektionen<\/p>\t\t\t\t\t\t\t\t<\/div>\n\t\t\t\t<\/div>\n\t\t\t\t<\/div>\n\t\t<div class=\"elementor-element elementor-element-75aad823 e-con-full e-flex e-con e-child\" data-id=\"75aad823\" data-element_type=\"container\" data-settings=\"{&quot;background_background&quot;:&quot;classic&quot;}\">\n\t\t\t\t<div class=\"elementor-element elementor-element-7db5defd elementor-widget elementor-widget-text-editor\" data-id=\"7db5defd\" data-element_type=\"widget\" data-widget_type=\"text-editor.default\">\n\t\t\t\t<div class=\"elementor-widget-container\">\n\t\t\t\t\t\t\t\t\t<p>Labyrinth der Au\u00dferirdischen<\/p>\t\t\t\t\t\t\t\t<\/div>\n\t\t\t\t<\/div>\n\t\t\t\t<\/div>\n\t\t\t\t<\/div>\n\t\t<div class=\"elementor-element elementor-element-4dba3f5e e-flex e-con-boxed e-con e-parent\" data-id=\"4dba3f5e\" data-element_type=\"container\">\n\t\t\t\t\t<div class=\"e-con-inner\">\n\t\t\t\t<div class=\"elementor-element elementor-element-67213694 elementor-widget elementor-widget-button\" data-id=\"67213694\" data-element_type=\"widget\" data-widget_type=\"button.default\">\n\t\t\t\t<div class=\"elementor-widget-container\">\n\t\t\t\t\t\t\t\t\t<div class=\"elementor-button-wrapper\">\n\t\t\t\t\t<a class=\"elementor-button elementor-button-link elementor-size-sm\" href=\"https:\/\/cosmosmuzeum.pl\/de\/produkt\/ticket\/\">\n\t\t\t\t\t\t<span class=\"elementor-button-content-wrapper\">\n\t\t\t\t\t\t\t\t\t<span class=\"elementor-button-text\">Kaufen Sie ein Ticket<\/span>\n\t\t\t\t\t<\/span>\n\t\t\t\t\t<\/a>\n\t\t\t\t<\/div>\n\t\t\t\t\t\t\t\t<\/div>\n\t\t\t\t<\/div>\n\t\t\t\t\t<\/div>\n\t\t\t\t<\/div>\n\t\t\t\t<\/div>","protected":false},"excerpt":{"rendered":"<p>Betreten Sie eine Welt, in der das Unm\u00f6gliche wahr wird Kaufen Sie ein Ticket Optische T\u00e4uschungen Nichts ist so, wie es scheint Kosmischer Raum Tauchen Sie ein in die Tiefen Ihrer Vorstellungskraft Labyrinth der Geheimnisse Magie wartet gleich um die Ecke Interaktive Projektionen Werden Sie zum Mittelpunkt einer lebendigen Geschichte \u00dcber die Ausstellung Die Ausstellung hei\u00dft Kosmos - nicht nur, weil sie die Besucher [...]<\/p>","protected":false},"author":1,"featured_media":0,"parent":0,"menu_order":0,"comment_status":"closed","ping_status":"closed","template":"","meta":{"footnotes":""},"class_list":["post-20","page","type-page","status-publish","hentry"],"jetpack_sharing_enabled":true,"_links":{"self":[{"href":"https:\/\/cosmosmuzeum.pl\/de\/wp-json\/wp\/v2\/pages\/20","targetHints":{"allow":["GET"]}}],"collection":[{"href":"https:\/\/cosmosmuzeum.pl\/de\/wp-json\/wp\/v2\/pages"}],"about":[{"href":"https:\/\/cosmosmuzeum.pl\/de\/wp-json\/wp\/v2\/types\/page"}],"author":[{"embeddable":true,"href":"https:\/\/cosmosmuzeum.pl\/de\/wp-json\/wp\/v2\/users\/1"}],"replies":[{"embeddable":true,"href":"https:\/\/cosmosmuzeum.pl\/de\/wp-json\/wp\/v2\/comments?post=20"}],"version-history":[{"count":73,"href":"https:\/\/cosmosmuzeum.pl\/de\/wp-json\/wp\/v2\/pages\/20\/revisions"}],"predecessor-version":[{"id":136099,"href":"https:\/\/cosmosmuzeum.pl\/de\/wp-json\/wp\/v2\/pages\/20\/revisions\/136099"}],"wp:attachment":[{"href":"https:\/\/cosmosmuzeum.pl\/de\/wp-json\/wp\/v2\/media?parent=20"}],"curies":[{"name":"wp","href":"https:\/\/api.w.org\/{rel}","templated":true}]}}