{"id":119757,"date":"2025-06-14T09:37:27","date_gmt":"2025-06-14T07:37:27","guid":{"rendered":"https:\/\/cosmosmuzeum.pl\/?page_id=119757"},"modified":"2025-07-06T16:45:11","modified_gmt":"2025-07-06T14:45:11","slug":"tutay","status":"publish","type":"page","link":"https:\/\/cosmosmuzeum.pl\/de\/tutay\/","title":{"rendered":"TUTAY"},"content":{"rendered":"<h3 class=\"wp-block-heading\">Erkunden Sie die Stadt auf Ihre eigene Weise mit der TUTAY-App<\/h3>\n\n\n\n<p>Haben Sie Lust, \u00fcber den Tellerrand zu blicken? Werfen Sie einen Blick auf die TUTAY-App - ein Stadtf\u00fchrer, der nicht den Spuren der Massen folgt, sondern Ihren eigenen Wegen.<\/p>\n\n\n\n<p>TUTAY ist eine App, die Ihre Stimmung kennt, wei\u00df, was Sie m\u00f6gen und Ihre Route anpasst, damit Sie eine Stadt - auch eine bekannte - in Ihrem eigenen Tempo neu entdecken k\u00f6nnen. Du w\u00e4hlst aus, was dich anmacht: Kultur, Geschichte, st\u00e4dtische Geheimnisse oder vielleicht leckere Stopps? Sie gehen, wann Sie wollen - bei jedem Wetter und ohne viel Aufhebens.<\/p>\n\n\n\n<p>Dies ist nicht nur eine weitere Karte mit Sehensw\u00fcrdigkeiten. TUTAY ist Ihr pers\u00f6nlicher Erz\u00e4hler, der Geschichten webt, Sie mit interessanten Fakten \u00fcberrascht und Ihnen Orte zeigt, die Sie in klassischen Reisef\u00fchrern kaum finden k\u00f6nnen.<\/p>\n\n\n\n<p>Lassen Sie sich auf die Atmosph\u00e4re der Stadt ein. Sehen Sie sie anders. Sie sind TUTAY.<\/p>\n\n\n\n<p>Werfen Sie einen Blick auf die Website:\u00a0<a href=\"https:\/\/nowy.tutay.pl\" data-type=\"link\" data-id=\"https:\/\/nowy.tutay.pl\" target=\"_blank\" rel=\"noopener\">neu.tutay.de<\/a>\u00a0\u00a0und beginnen Sie das Abenteuer - Sie entscheiden, wie Sie den Ort kennenlernen und erleben wollen.\u00a0<\/p>","protected":false},"excerpt":{"rendered":"<p>Erkunden Sie die Stadt auf Ihre eigene Weise mit der TUTAY-App M\u00f6chten Sie einmal aus der Reihe tanzen? Dann werfen Sie einen Blick auf die TUTAY-App - ein Stadtf\u00fchrer, der nicht den Menschenmassen folgt, sondern Ihrem eigenen Weg. TUTAY ist eine App, die Ihre Stimmung und Ihre Vorlieben kennt und Ihre Route so anpasst, dass Sie eine Stadt - auch eine bekannte - in Ihrem eigenen Tempo entdecken k\u00f6nnen, auf [...]<\/p>","protected":false},"author":1,"featured_media":0,"parent":0,"menu_order":0,"comment_status":"closed","ping_status":"closed","template":"","meta":{"footnotes":""},"class_list":["post-119757","page","type-page","status-publish","hentry"],"jetpack_sharing_enabled":true,"_links":{"self":[{"href":"https:\/\/cosmosmuzeum.pl\/de\/wp-json\/wp\/v2\/pages\/119757","targetHints":{"allow":["GET"]}}],"collection":[{"href":"https:\/\/cosmosmuzeum.pl\/de\/wp-json\/wp\/v2\/pages"}],"about":[{"href":"https:\/\/cosmosmuzeum.pl\/de\/wp-json\/wp\/v2\/types\/page"}],"author":[{"embeddable":true,"href":"https:\/\/cosmosmuzeum.pl\/de\/wp-json\/wp\/v2\/users\/1"}],"replies":[{"embeddable":true,"href":"https:\/\/cosmosmuzeum.pl\/de\/wp-json\/wp\/v2\/comments?post=119757"}],"version-history":[{"count":2,"href":"https:\/\/cosmosmuzeum.pl\/de\/wp-json\/wp\/v2\/pages\/119757\/revisions"}],"predecessor-version":[{"id":121055,"href":"https:\/\/cosmosmuzeum.pl\/de\/wp-json\/wp\/v2\/pages\/119757\/revisions\/121055"}],"wp:attachment":[{"href":"https:\/\/cosmosmuzeum.pl\/de\/wp-json\/wp\/v2\/media?parent=119757"}],"curies":[{"name":"wp","href":"https:\/\/api.w.org\/{rel}","templated":true}]}}